{"id":2,"date":"2024-09-13T10:09:32","date_gmt":"2024-09-13T08:09:32","guid":{"rendered":"http:\/\/ahmet.ovh\/?page_id=2"},"modified":"2025-06-02T12:51:33","modified_gmt":"2025-06-02T10:51:33","slug":"veille_technologique","status":"publish","type":"page","link":"https:\/\/ahmet.ovh\/?page_id=2","title":{"rendered":"Veille Technologique"},"content":{"rendered":"\n<p>La veille technologique permet de rester inform\u00e9 des \u00e9volutions rapides des outils, des technologies et des pratiques li\u00e9s \u00e0 l\u2019administration des syst\u00e8mes, des r\u00e9seaux et \u00e0 la cybers\u00e9curit\u00e9. Elle permet d\u2019anticiper les changements, de s\u00e9curiser efficacement les infrastructures et d\u2019optimiser les performances des syst\u00e8mes en entreprise.<\/p>\n\n\n\n<h2 class=\"wp-block-heading\">Mes sources <\/h2>\n\n\n\n<p><strong>Sites officiels : <\/strong>ANSSI, CERT-FR, Microsoft Learn, VMware<br><strong>M\u00e9dias sp\u00e9cialis\u00e9s : <\/strong>ZATAZ, LeMagIT, Clubic Pro, 01net Pro<br><strong>Chaine Youtube :<\/strong> Micode, V2F, Ennisay <\/p>\n\n\n\n<h2 class=\"wp-block-heading\">Flux RSS : <\/h2>\n\n\n\n<div class=\"wp-block-group\"><div class=\"wp-block-group__inner-container is-layout-constrained wp-block-group-is-layout-constrained\"><div class=\"components-placeholder\"><div class=\"notice notice-error\"><strong>RSS Error:<\/strong> Retrieved unsupported status code &quot;404&quot;<\/div><\/div><\/div><\/div>\n\n\n\n<div class=\"wp-block-group\"><div class=\"wp-block-group__inner-container is-layout-constrained wp-block-group-is-layout-constrained\"><ul class=\"is-grid columns-2 wp-block-rss\"><li class='wp-block-rss__item'><div class='wp-block-rss__item-title'><a href='https:\/\/www.clubic.com\/actualite-611026-powertoys-0-99-emprunte-a-linux-ce-que-windows-refuse-d-integrer-nativement.html'>PowerToys 0.99 emprunte \u00e0 Linux ce que Windows refuse d&#039;int\u00e9grer nativement<\/a><\/div><\/li><li class='wp-block-rss__item'><div class='wp-block-rss__item-title'><a href='https:\/\/www.clubic.com\/actualite-610996-sur-linux-proton-vpn-va-rendre-votre-connexion-impossible-a-detecter.html'>Sur Linux, Proton VPN va rendre votre connexion impossible \u00e0 d\u00e9tecter<\/a><\/div><\/li><li class='wp-block-rss__item'><div class='wp-block-rss__item-title'><a href='https:\/\/www.clubic.com\/actualite-611023-ils-cherchaient-des-etoiles-ils-tombent-sur-une-relique-du-big-bang.html'>Ils cherchaient des \u00e9toiles\u2026 ils tombent sur une relique du Big Bang<\/a><\/div><\/li><li class='wp-block-rss__item'><div class='wp-block-rss__item-title'><a href='https:\/\/www.clubic.com\/actualite-610978-whatsapp-veut-se-liberer-de-google-et-apple-et-prendre-la-main-sur-vos-sauvegardes.html'>WhatsApp veut se lib\u00e9rer de Google et Apple et prendre la main sur vos sauvegardes<\/a><\/div><\/li><li class='wp-block-rss__item'><div class='wp-block-rss__item-title'><a href='https:\/\/www.clubic.com\/actualite-611025-windows-11-meme-l-horloge-n-est-pas-a-l-abri-d-un-dopage-a-l-ia.html'>Windows 11 : m\u00eame l&#039;Horloge n&#039;est pas \u00e0 l&#039;abri d&#039;un dopage \u00e0 l&#039;IA<\/a><\/div><\/li><\/ul><\/div><\/div>\n\n\n\n<div class=\"wp-block-group\"><div class=\"wp-block-group__inner-container is-layout-constrained wp-block-group-is-layout-constrained\"><ul class=\"is-grid columns-2 wp-block-rss\"><li class='wp-block-rss__item'><div class='wp-block-rss__item-title'><a href='https:\/\/www.lemagit.fr\/news\/366619404\/Maitrisez-mieux-vos-technologies-IT-le-plaidoyer-du-DSI-de-lInsee'>Ma\u00eetrisez mieux vos technologies IT\u00a0: le plaidoyer du DSI de l\u2019Insee<\/a><\/div><\/li><li class='wp-block-rss__item'><div class='wp-block-rss__item-title'><a href='https:\/\/www.lemagit.fr\/news\/366618362\/La-valeur-creee-par-les-assistants-IA-pas-si-forte-que-ca'>La valeur g\u00e9n\u00e9r\u00e9e par les assistants IA, pas si forte que \u00e7a<\/a><\/div><\/li><li class='wp-block-rss__item'><div class='wp-block-rss__item-title'><a href='https:\/\/www.lemagit.fr\/tip\/Stockage-comparez-les-baies-SAN-adaptees-aux-PME'>Stockage\u00a0: comparaison des baies SAN adapt\u00e9es aux PME<\/a><\/div><\/li><li class='wp-block-rss__item'><div class='wp-block-rss__item-title'><a href='https:\/\/www.lemagit.fr\/tip\/Outils-de-reponse-a-incident-quand-comment-et-pourquoi-les-utiliser'>Outils de r\u00e9ponse \u00e0 incident\u00a0: quand, comment et pourquoi les utiliser<\/a><\/div><\/li><li class='wp-block-rss__item'><div class='wp-block-rss__item-title'><a href='https:\/\/www.lemagit.fr\/tip\/Comment-tester-les-API-pour-ameliorer-la-qualite-des-applications'>Comment tester les API pour am\u00e9liorer la qualit\u00e9 des applications<\/a><\/div><\/li><\/ul><\/div><\/div>\n","protected":false},"excerpt":{"rendered":"<p>La veille technologique permet de rester inform\u00e9 des \u00e9volutions rapides des outils, des technologies et des pratiques li\u00e9s \u00e0 l\u2019administration des syst\u00e8mes, des r\u00e9seaux et \u00e0 la cybers\u00e9curit\u00e9. Elle permet d\u2019anticiper les changements, de s\u00e9curiser efficacement les infrastructures et d\u2019optimiser les performances des syst\u00e8mes en entreprise. Mes sources Sites officiels : ANSSI, CERT-FR, Microsoft Learn,&#8230;<\/p>\n","protected":false},"author":1,"featured_media":0,"parent":0,"menu_order":0,"comment_status":"closed","ping_status":"closed","template":"","meta":{"_kadence_starter_templates_imported_post":false,"_kad_post_transparent":"","_kad_post_title":"","_kad_post_layout":"","_kad_post_sidebar_id":"","_kad_post_content_style":"","_kad_post_vertical_padding":"","_kad_post_feature":"","_kad_post_feature_position":"","_kad_post_header":false,"_kad_post_footer":false,"footnotes":""},"class_list":["post-2","page","type-page","status-publish","hentry"],"_links":{"self":[{"href":"https:\/\/ahmet.ovh\/index.php?rest_route=\/wp\/v2\/pages\/2","targetHints":{"allow":["GET"]}}],"collection":[{"href":"https:\/\/ahmet.ovh\/index.php?rest_route=\/wp\/v2\/pages"}],"about":[{"href":"https:\/\/ahmet.ovh\/index.php?rest_route=\/wp\/v2\/types\/page"}],"author":[{"embeddable":true,"href":"https:\/\/ahmet.ovh\/index.php?rest_route=\/wp\/v2\/users\/1"}],"replies":[{"embeddable":true,"href":"https:\/\/ahmet.ovh\/index.php?rest_route=%2Fwp%2Fv2%2Fcomments&post=2"}],"version-history":[{"count":8,"href":"https:\/\/ahmet.ovh\/index.php?rest_route=\/wp\/v2\/pages\/2\/revisions"}],"predecessor-version":[{"id":209,"href":"https:\/\/ahmet.ovh\/index.php?rest_route=\/wp\/v2\/pages\/2\/revisions\/209"}],"wp:attachment":[{"href":"https:\/\/ahmet.ovh\/index.php?rest_route=%2Fwp%2Fv2%2Fmedia&parent=2"}],"curies":[{"name":"wp","href":"https:\/\/api.w.org\/{rel}","templated":true}]}}