{"id":112,"date":"2025-03-14T10:51:33","date_gmt":"2025-03-14T09:51:33","guid":{"rendered":"https:\/\/ahmet.ovh\/?page_id=112"},"modified":"2025-06-02T12:19:31","modified_gmt":"2025-06-02T10:19:31","slug":"projet","status":"publish","type":"page","link":"https:\/\/ahmet.ovh\/?page_id=112","title":{"rendered":"Projet"},"content":{"rendered":"\n<h2 class=\"wp-block-heading has-text-align-center\">Retrouvez mes TP et proc\u00e9dure r\u00e9alis\u00e9 pendant le BTS <\/h2>\n\n\n\n<h3 class=\"wp-block-heading has-text-align-center\"><strong>Bloc n\u00b0 1 \u2013 Support et mise \u00e0 disposition de services informatiques<\/strong><\/h3>\n\n\n<style>.wp-block-kadence-advancedbtn.kb-btns112_2416e5-a6{gap:var(--global-kb-gap-xs, 0.5rem );justify-content:center;align-items:center;}.kt-btns112_2416e5-a6 .kt-button{font-weight:normal;font-style:normal;}.kt-btns112_2416e5-a6 .kt-btn-wrap-0{margin-right:5px;}.wp-block-kadence-advancedbtn.kt-btns112_2416e5-a6 .kt-btn-wrap-0 .kt-button{color:#555555;border-color:#555555;}.wp-block-kadence-advancedbtn.kt-btns112_2416e5-a6 .kt-btn-wrap-0 .kt-button:hover, .wp-block-kadence-advancedbtn.kt-btns112_2416e5-a6 .kt-btn-wrap-0 .kt-button:focus{color:#ffffff;border-color:#444444;}.wp-block-kadence-advancedbtn.kt-btns112_2416e5-a6 .kt-btn-wrap-0 .kt-button::before{display:none;}.wp-block-kadence-advancedbtn.kt-btns112_2416e5-a6 .kt-btn-wrap-0 .kt-button:hover, .wp-block-kadence-advancedbtn.kt-btns112_2416e5-a6 .kt-btn-wrap-0 .kt-button:focus{background:#444444;}<\/style>\n<div class=\"wp-block-kadence-advancedbtn kb-buttons-wrap kb-btns112_2416e5-a6\"><style>ul.menu .wp-block-kadence-advancedbtn .kb-btn112_2093ed-3c.kb-button{width:initial;}@media all and (max-width: 1024px){.kb-btn112_2093ed-3c.kb-button .kb-svg-icon-wrap{display:block;}}<\/style><a class=\"kb-button kt-button button kb-btn112_2093ed-3c kt-btn-size-standard kt-btn-width-type-auto kb-btn-global-fill kt-btn-has-text-true kt-btn-has-svg-false wp-block-kadence-singlebtn\" href=\"http:\/\/ahmet.ovh\/wp-content\/uploads\/2025\/04\/CAKIROGLU-Ahmet-DHCP-1.pdf\" target=\"_blank\" rel=\"noreferrer noopener\"><span class=\"kt-btn-inner-text\">DHCP<\/span><\/a>\n\n<style>ul.menu .wp-block-kadence-advancedbtn .kb-btn112_645ee2-6f.kb-button{width:initial;}@media all and (max-width: 1024px){.kb-btn112_645ee2-6f.kb-button .kb-svg-icon-wrap{display:block;}}<\/style><a class=\"kb-button kt-button button kb-btn112_645ee2-6f kt-btn-size-standard kt-btn-width-type-auto kb-btn-global-fill kt-btn-has-text-true kt-btn-has-svg-false wp-block-kadence-singlebtn\" href=\"http:\/\/ahmet.ovh\/wp-content\/uploads\/2025\/06\/Creer-un-RAID.pdf\" target=\"_blank\" rel=\"noreferrer noopener\"><span class=\"kt-btn-inner-text\">RAID<\/span><\/a>\n\n<style>ul.menu .wp-block-kadence-advancedbtn .kb-btn112_fe817d-6b.kb-button{width:initial;}@media all and (max-width: 1024px){.kb-btn112_fe817d-6b.kb-button .kb-svg-icon-wrap{display:block;}}<\/style><a class=\"kb-button kt-button button kb-btn112_fe817d-6b kt-btn-size-standard kt-btn-width-type-auto kb-btn-global-fill kt-btn-has-text-true kt-btn-has-svg-false wp-block-kadence-singlebtn\" href=\"http:\/\/ahmet.ovh\/wp-content\/uploads\/2025\/06\/Cakiroglu-Ahmet-Tickets.pdf\" target=\"_blank\" rel=\"noreferrer noopener\"><span class=\"kt-btn-inner-text\">Ticket GLPI<\/span><\/a>\n\n<style>ul.menu .wp-block-kadence-advancedbtn .kb-btn112_091fce-34.kb-button{width:initial;}@media all and (max-width: 1024px){.kb-btn112_091fce-34.kb-button .kb-svg-icon-wrap{display:block;}}<\/style><a class=\"kb-button kt-button button kb-btn112_091fce-34 kt-btn-size-standard kt-btn-width-type-auto kb-btn-global-fill kt-btn-has-text-true kt-btn-has-svg-false wp-block-kadence-singlebtn\" href=\"http:\/\/ahmet.ovh\/wp-content\/uploads\/2025\/06\/NLB.pdf\" target=\"_blank\" rel=\"noreferrer noopener\"><span class=\"kt-btn-inner-text\">NLB<\/span><\/a><\/div>\n\n\n\n<h3 class=\"wp-block-heading has-text-align-center\"><strong>Bloc n\u00b0 2 \u2013 Option \u00ab Solutions d\u2019infrastructure, syst\u00e8mes et r\u00e9seaux \u00bb<\/strong><\/h3>\n\n\n<style>.wp-block-kadence-advancedbtn.kb-btns112_44a881-60{gap:var(--global-kb-gap-xs, 0.5rem );justify-content:center;align-items:center;}.kt-btns112_44a881-60 .kt-button{font-weight:normal;font-style:normal;}.kt-btns112_44a881-60 .kt-btn-wrap-0{margin-right:5px;}.wp-block-kadence-advancedbtn.kt-btns112_44a881-60 .kt-btn-wrap-0 .kt-button{color:#555555;border-color:#555555;}.wp-block-kadence-advancedbtn.kt-btns112_44a881-60 .kt-btn-wrap-0 .kt-button:hover, .wp-block-kadence-advancedbtn.kt-btns112_44a881-60 .kt-btn-wrap-0 .kt-button:focus{color:#ffffff;border-color:#444444;}.wp-block-kadence-advancedbtn.kt-btns112_44a881-60 .kt-btn-wrap-0 .kt-button::before{display:none;}.wp-block-kadence-advancedbtn.kt-btns112_44a881-60 .kt-btn-wrap-0 .kt-button:hover, .wp-block-kadence-advancedbtn.kt-btns112_44a881-60 .kt-btn-wrap-0 .kt-button:focus{background:#444444;}<\/style>\n<div class=\"wp-block-kadence-advancedbtn kb-buttons-wrap kb-btns112_44a881-60\"><style>ul.menu .wp-block-kadence-advancedbtn .kb-btn112_6a4dfc-c4.kb-button{width:initial;}@media all and (max-width: 1024px){.kb-btn112_6a4dfc-c4.kb-button .kb-svg-icon-wrap{display:block;}}<\/style><a class=\"kb-button kt-button button kb-btn112_6a4dfc-c4 kt-btn-size-standard kt-btn-width-type-auto kb-btn-global-fill kt-btn-has-text-true kt-btn-has-svg-false wp-block-kadence-singlebtn\" href=\"http:\/\/ahmet.ovh\/wp-content\/uploads\/2025\/06\/Identify-MAC-and-IP-Addresses-Cakiroglu-Ahmet.pdf\" target=\"_blank\" rel=\"noreferrer noopener\"><span class=\"kt-btn-inner-text\">Identify MAC and IP<\/span><\/a><\/div>\n\n\n\n<h3 class=\"wp-block-heading has-text-align-center\"><strong>Bloc n\u00b0 3 \u2013 Cybers\u00e9curit\u00e9 des services informatiques<\/strong><\/h3>\n\n\n<style>.wp-block-kadence-advancedbtn.kb-btns112_6e943e-66{gap:var(--global-kb-gap-xs, 0.5rem );justify-content:center;align-items:center;}.kt-btns112_6e943e-66 .kt-button{font-weight:normal;font-style:normal;}.kt-btns112_6e943e-66 .kt-btn-wrap-0{margin-right:5px;}.wp-block-kadence-advancedbtn.kt-btns112_6e943e-66 .kt-btn-wrap-0 .kt-button{color:#555555;border-color:#555555;}.wp-block-kadence-advancedbtn.kt-btns112_6e943e-66 .kt-btn-wrap-0 .kt-button:hover, .wp-block-kadence-advancedbtn.kt-btns112_6e943e-66 .kt-btn-wrap-0 .kt-button:focus{color:#ffffff;border-color:#444444;}.wp-block-kadence-advancedbtn.kt-btns112_6e943e-66 .kt-btn-wrap-0 .kt-button::before{display:none;}.wp-block-kadence-advancedbtn.kt-btns112_6e943e-66 .kt-btn-wrap-0 .kt-button:hover, .wp-block-kadence-advancedbtn.kt-btns112_6e943e-66 .kt-btn-wrap-0 .kt-button:focus{background:#444444;}<\/style>\n<div class=\"wp-block-kadence-advancedbtn kb-buttons-wrap kb-btns112_6e943e-66\"><style>ul.menu .wp-block-kadence-advancedbtn .kb-btn112_957336-a7.kb-button{width:initial;}@media all and (max-width: 1024px){.kb-btn112_957336-a7.kb-button .kb-svg-icon-wrap{display:block;}}<\/style><a class=\"kb-button kt-button button kb-btn112_957336-a7 kt-btn-size-standard kt-btn-width-type-auto kb-btn-global-fill kt-btn-has-text-true kt-btn-has-svg-false wp-block-kadence-singlebtn\" href=\"http:\/\/ahmet.ovh\/wp-content\/uploads\/2025\/04\/Cakiroglu-Ahmet-Steganographie.pdf\" target=\"_blank\" rel=\"noreferrer noopener\"><span class=\"kt-btn-inner-text\">St\u00e9ganographie<\/span><\/a>\n\n<style>ul.menu .wp-block-kadence-advancedbtn .kb-btn112_024878-de.kb-button{width:initial;}@media all and (max-width: 1024px){.kb-btn112_024878-de.kb-button .kb-svg-icon-wrap{display:block;}}<\/style><a class=\"kb-button kt-button button kb-btn112_024878-de kt-btn-size-standard kt-btn-width-type-auto kb-btn-global-fill kt-btn-has-text-true kt-btn-has-svg-false wp-block-kadence-singlebtn\" href=\"http:\/\/ahmet.ovh\/wp-content\/uploads\/2025\/04\/TP-Intrusion-simple-Windows.pdf\" target=\"_blank\" rel=\"noreferrer noopener\"><span class=\"kt-btn-inner-text\">Intrusion<\/span><\/a>\n\n<style>ul.menu .wp-block-kadence-advancedbtn .kb-btn112_969155-fb.kb-button{width:initial;}@media all and (max-width: 1024px){.kb-btn112_969155-fb.kb-button .kb-svg-icon-wrap{display:block;}}<\/style><a class=\"kb-button kt-button button kb-btn112_969155-fb kt-btn-size-standard kt-btn-width-type-auto kb-btn-global-fill kt-btn-has-text-true kt-btn-has-svg-false wp-block-kadence-singlebtn\" href=\"http:\/\/ahmet.ovh\/wp-content\/uploads\/2025\/04\/TP6-Cakiroglu-Ahmet-analyse.pdf\" target=\"_blank\" rel=\"noreferrer noopener\"><span class=\"kt-btn-inner-text\">Analyse<\/span><\/a>\n\n<style>ul.menu .wp-block-kadence-advancedbtn .kb-btn112_329ea6-47.kb-button{width:initial;}@media all and (max-width: 1024px){.kb-btn112_329ea6-47.kb-button .kb-svg-icon-wrap{display:block;}}<\/style><a class=\"kb-button kt-button button kb-btn112_329ea6-47 kt-btn-size-standard kt-btn-width-type-auto kb-btn-global-fill kt-btn-has-text-true kt-btn-has-svg-false wp-block-kadence-singlebtn\" href=\"http:\/\/ahmet.ovh\/wp-content\/uploads\/2025\/04\/TP5-Kali-Linux-Ahmet-Cakiroglu.pdf\" target=\"_blank\" rel=\"noreferrer noopener\"><span class=\"kt-btn-inner-text\">Kali Linux<\/span><\/a><\/div>\n\n\n\n<h2 class=\"wp-block-heading has-text-align-center\">Proc\u00e9dure pour \u00c9preuve E6<\/h2>\n\n\n<style>.wp-block-kadence-advancedbtn.kb-btns112_54d289-62{gap:var(--global-kb-gap-xs, 0.5rem );justify-content:center;align-items:center;}.kt-btns112_54d289-62 .kt-button{font-weight:normal;font-style:normal;}.kt-btns112_54d289-62 .kt-btn-wrap-0{margin-right:5px;}.wp-block-kadence-advancedbtn.kt-btns112_54d289-62 .kt-btn-wrap-0 .kt-button{color:#555555;border-color:#555555;}.wp-block-kadence-advancedbtn.kt-btns112_54d289-62 .kt-btn-wrap-0 .kt-button:hover, .wp-block-kadence-advancedbtn.kt-btns112_54d289-62 .kt-btn-wrap-0 .kt-button:focus{color:#ffffff;border-color:#444444;}.wp-block-kadence-advancedbtn.kt-btns112_54d289-62 .kt-btn-wrap-0 .kt-button::before{display:none;}.wp-block-kadence-advancedbtn.kt-btns112_54d289-62 .kt-btn-wrap-0 .kt-button:hover, .wp-block-kadence-advancedbtn.kt-btns112_54d289-62 .kt-btn-wrap-0 .kt-button:focus{background:#444444;}<\/style>\n<div class=\"wp-block-kadence-advancedbtn kb-buttons-wrap kb-btns112_54d289-62\"><style>ul.menu .wp-block-kadence-advancedbtn .kb-btn112_a98aad-06.kb-button{width:initial;}@media all and (max-width: 1024px){.kb-btn112_a98aad-06.kb-button .kb-svg-icon-wrap{display:block;}}<\/style><a class=\"kb-button kt-button button kb-btn112_a98aad-06 kt-btn-size-standard kt-btn-width-type-auto kb-btn-global-fill kt-btn-has-text-true kt-btn-has-svg-false wp-block-kadence-singlebtn\" href=\"https:\/\/ahmet.ovh\/?page_id=161\"><span class=\"kt-btn-inner-text\">Fiche 1<\/span><\/a>\n\n<style>ul.menu .wp-block-kadence-advancedbtn .kb-btn112_295bd2-ad.kb-button{width:initial;}@media all and (max-width: 1024px){.kb-btn112_295bd2-ad.kb-button .kb-svg-icon-wrap{display:block;}}<\/style><a class=\"kb-button kt-button button kb-btn112_295bd2-ad kt-btn-size-standard kt-btn-width-type-auto kb-btn-global-fill kt-btn-has-text-true kt-btn-has-svg-false wp-block-kadence-singlebtn\" href=\"https:\/\/ahmet.ovh\/?page_id=164\"><span class=\"kt-btn-inner-text\">Fiche 2 <\/span><\/a><\/div>\n\n\n\n<p><\/p>\n","protected":false},"excerpt":{"rendered":"<p>Retrouvez mes TP et proc\u00e9dure r\u00e9alis\u00e9 pendant le BTS Bloc n\u00b0 1 \u2013 Support et mise \u00e0 disposition de services informatiques Bloc n\u00b0 2 \u2013 Option \u00ab Solutions d\u2019infrastructure, syst\u00e8mes et r\u00e9seaux \u00bb Bloc n\u00b0 3 \u2013 Cybers\u00e9curit\u00e9 des services informatiques Proc\u00e9dure pour \u00c9preuve E6<\/p>\n","protected":false},"author":2,"featured_media":0,"parent":0,"menu_order":0,"comment_status":"closed","ping_status":"closed","template":"","meta":{"_kadence_starter_templates_imported_post":false,"_kad_post_transparent":"","_kad_post_title":"","_kad_post_layout":"","_kad_post_sidebar_id":"","_kad_post_content_style":"","_kad_post_vertical_padding":"","_kad_post_feature":"","_kad_post_feature_position":"","_kad_post_header":false,"_kad_post_footer":false,"footnotes":""},"class_list":["post-112","page","type-page","status-publish","hentry"],"_links":{"self":[{"href":"https:\/\/ahmet.ovh\/index.php?rest_route=\/wp\/v2\/pages\/112","targetHints":{"allow":["GET"]}}],"collection":[{"href":"https:\/\/ahmet.ovh\/index.php?rest_route=\/wp\/v2\/pages"}],"about":[{"href":"https:\/\/ahmet.ovh\/index.php?rest_route=\/wp\/v2\/types\/page"}],"author":[{"embeddable":true,"href":"https:\/\/ahmet.ovh\/index.php?rest_route=\/wp\/v2\/users\/2"}],"replies":[{"embeddable":true,"href":"https:\/\/ahmet.ovh\/index.php?rest_route=%2Fwp%2Fv2%2Fcomments&post=112"}],"version-history":[{"count":14,"href":"https:\/\/ahmet.ovh\/index.php?rest_route=\/wp\/v2\/pages\/112\/revisions"}],"predecessor-version":[{"id":206,"href":"https:\/\/ahmet.ovh\/index.php?rest_route=\/wp\/v2\/pages\/112\/revisions\/206"}],"wp:attachment":[{"href":"https:\/\/ahmet.ovh\/index.php?rest_route=%2Fwp%2Fv2%2Fmedia&parent=112"}],"curies":[{"name":"wp","href":"https:\/\/api.w.org\/{rel}","templated":true}]}}