{"id":111,"date":"2025-03-14T10:50:38","date_gmt":"2025-03-14T09:50:38","guid":{"rendered":"https:\/\/ahmet.ovh\/?page_id=111"},"modified":"2025-06-01T18:38:45","modified_gmt":"2025-06-01T16:38:45","slug":"ecole","status":"publish","type":"page","link":"https:\/\/ahmet.ovh\/?page_id=111","title":{"rendered":"\u00c9cole"},"content":{"rendered":"\n<p>J\u2019ai suivi un BTS SIO (Services Informatiques aux Organisations), sp\u00e9cialit\u00e9 SISR (Solutions d\u2019Infrastructure, Syst\u00e8mes et R\u00e9seaux)<br>au sein de l\u2019\u00e9tablissement Mewo, o\u00f9 j\u2019ai acquis des comp\u00e9tences techniques en administration syst\u00e8mes et r\u00e9seaux, en s\u00e9curit\u00e9 informatique,<br>ainsi qu\u2019en support aux utilisateurs.<\/p>\n\n\n\n<div class=\"wp-block-media-text is-stacked-on-mobile\" style=\"grid-template-columns:24% auto\"><figure class=\"wp-block-media-text__media\"><img loading=\"lazy\" decoding=\"async\" width=\"1024\" height=\"695\" src=\"http:\/\/ahmet.ovh\/wp-content\/uploads\/2025\/06\/6a5fccc2-4cc8-4e20-a53b-a60874d88f27-1024x695.png\" alt=\"\" class=\"wp-image-195 size-full\" srcset=\"https:\/\/ahmet.ovh\/wp-content\/uploads\/2025\/06\/6a5fccc2-4cc8-4e20-a53b-a60874d88f27-1024x695.png 1024w, https:\/\/ahmet.ovh\/wp-content\/uploads\/2025\/06\/6a5fccc2-4cc8-4e20-a53b-a60874d88f27-300x204.png 300w, https:\/\/ahmet.ovh\/wp-content\/uploads\/2025\/06\/6a5fccc2-4cc8-4e20-a53b-a60874d88f27-768x522.png 768w, https:\/\/ahmet.ovh\/wp-content\/uploads\/2025\/06\/6a5fccc2-4cc8-4e20-a53b-a60874d88f27.png 1374w\" sizes=\"auto, (max-width: 1024px) 100vw, 1024px\" \/><\/figure><div class=\"wp-block-media-text__content\">\n<p>Le campus Mewo est un \u00e9tablissement de formation professionnelle situ\u00e9 \u00e0 Metz, au c\u0153ur du Technop\u00f4le. Depuis plus de dix ans, il propose des formations en alternance et en initiale, allant du CAP au Bac +5, dans divers domaines tels que l&#8217;informatique, la sant\u00e9, le droit, la petite enfance et la sant\u00e9 animale .<\/p>\n<\/div><\/div>\n\n\n\n<h2 class=\"wp-block-heading\"><strong>Le Bloc 1 : Support et mise \u00e0 disposition de services informatiques<\/strong><\/h2>\n\n\n\n<p>-R\u00e9pondre aux attentes des utilisateurs en assurant la disponibilit\u00e9 des services informatiques.<br>-Prendre en compte les besoins informatiques dans l\u2019entreprise et accompagner la transformation num\u00e9rique des services informatiques, tout en maintenant son employabilit\u00e9.<br>-Acqu\u00e9rir les comp\u00e9tences pour g\u00e9rer le patrimoine informatique, r\u00e9pondre aux incidents, d\u00e9velopper la pr\u00e9sence de l\u2019entreprise sur le web.<\/p>\n\n\n\n<h2 class=\"wp-block-heading\"><strong>Le Bloc 2 : Administration syst\u00e8me et r\u00e9seau<\/strong><\/h2>\n\n\n\n<p>-Concevoir une solution d\u2019infrastructure r\u00e9seau.<br>-Installer, tester et d\u00e9ployer une solution d\u2019infrastructure r\u00e9seau.<br>-Exploiter, d\u00e9panner et superviser une solution d\u2019infrastructure r\u00e9seau.<\/p>\n\n\n\n<h2 class=\"wp-block-heading\"><strong>Le Bloc 3 : Cybers\u00e9curit\u00e9<\/strong><\/h2>\n\n\n\n<p>-Prot\u00e9ger les donn\u00e9es \u00e0 caract\u00e8re personnel.<br>-Pr\u00e9server l\u2019identit\u00e9 num\u00e9rique de l\u2019organisation.<br>-S\u00e9curiser les \u00e9quipements et les usages des utilisateurs.<br>-Garantir la disponibilit\u00e9, l\u2019int\u00e9grit\u00e9 et la confidentialit\u00e9 des services informatiques et des donn\u00e9es de l\u2019organisation face \u00e0 des cyberattaques.<br>-Assurer la cybers\u00e9curit\u00e9 d\u2019une infrastructure r\u00e9seau, d\u2019un syst\u00e8me, d\u2019un service.<\/p>\n\n\n\n<p>Vous trouverez le tableau de comp\u00e9tences qui r\u00e9sume les t\u00e2ches r\u00e9alis\u00e9es lors de ces deux ann\u00e9es : <br><\/p>\n\n\n<style>.wp-block-kadence-advancedbtn.kb-btns111_70c39b-ec{gap:var(--global-kb-gap-xs, 0.5rem );justify-content:center;align-items:center;}.kt-btns111_70c39b-ec .kt-button{font-weight:normal;font-style:normal;}.kt-btns111_70c39b-ec .kt-btn-wrap-0{margin-right:5px;}.wp-block-kadence-advancedbtn.kt-btns111_70c39b-ec .kt-btn-wrap-0 .kt-button{color:#555555;border-color:#555555;}.wp-block-kadence-advancedbtn.kt-btns111_70c39b-ec .kt-btn-wrap-0 .kt-button:hover, .wp-block-kadence-advancedbtn.kt-btns111_70c39b-ec .kt-btn-wrap-0 .kt-button:focus{color:#ffffff;border-color:#444444;}.wp-block-kadence-advancedbtn.kt-btns111_70c39b-ec .kt-btn-wrap-0 .kt-button::before{display:none;}.wp-block-kadence-advancedbtn.kt-btns111_70c39b-ec .kt-btn-wrap-0 .kt-button:hover, .wp-block-kadence-advancedbtn.kt-btns111_70c39b-ec .kt-btn-wrap-0 .kt-button:focus{background:#444444;}<\/style>\n<div class=\"wp-block-kadence-advancedbtn kb-buttons-wrap kb-btns111_70c39b-ec\"><style>ul.menu .wp-block-kadence-advancedbtn .kb-btn111_23af60-aa.kb-button{width:initial;}@media all and (max-width: 1024px){.kb-btn111_23af60-aa.kb-button .kb-svg-icon-wrap{display:block;}}<\/style><a class=\"kb-button kt-button button kb-btn111_23af60-aa kt-btn-size-standard kt-btn-width-type-auto kb-btn-global-fill kt-btn-has-text-true kt-btn-has-svg-false wp-block-kadence-singlebtn\" href=\"http:\/\/ahmet.ovh\/wp-content\/uploads\/2025\/06\/SIOA2025_E5_CAKIROGLU_AHMET.pdf\"><span class=\"kt-btn-inner-text\">tableau de comp\u00e9tences<\/span><\/a><\/div>\n","protected":false},"excerpt":{"rendered":"<p>J\u2019ai suivi un BTS SIO (Services Informatiques aux Organisations), sp\u00e9cialit\u00e9 SISR (Solutions d\u2019Infrastructure, Syst\u00e8mes et R\u00e9seaux)au sein de l\u2019\u00e9tablissement Mewo, o\u00f9 j\u2019ai acquis des comp\u00e9tences techniques en administration syst\u00e8mes et r\u00e9seaux, en s\u00e9curit\u00e9 informatique,ainsi qu\u2019en support aux utilisateurs. Le campus Mewo est un \u00e9tablissement de formation professionnelle situ\u00e9 \u00e0 Metz, au c\u0153ur du Technop\u00f4le. Depuis&#8230;<\/p>\n","protected":false},"author":2,"featured_media":0,"parent":0,"menu_order":0,"comment_status":"closed","ping_status":"closed","template":"","meta":{"_kadence_starter_templates_imported_post":false,"_kad_post_transparent":"","_kad_post_title":"","_kad_post_layout":"","_kad_post_sidebar_id":"","_kad_post_content_style":"","_kad_post_vertical_padding":"","_kad_post_feature":"","_kad_post_feature_position":"","_kad_post_header":false,"_kad_post_footer":false,"footnotes":""},"class_list":["post-111","page","type-page","status-publish","hentry"],"_links":{"self":[{"href":"https:\/\/ahmet.ovh\/index.php?rest_route=\/wp\/v2\/pages\/111","targetHints":{"allow":["GET"]}}],"collection":[{"href":"https:\/\/ahmet.ovh\/index.php?rest_route=\/wp\/v2\/pages"}],"about":[{"href":"https:\/\/ahmet.ovh\/index.php?rest_route=\/wp\/v2\/types\/page"}],"author":[{"embeddable":true,"href":"https:\/\/ahmet.ovh\/index.php?rest_route=\/wp\/v2\/users\/2"}],"replies":[{"embeddable":true,"href":"https:\/\/ahmet.ovh\/index.php?rest_route=%2Fwp%2Fv2%2Fcomments&post=111"}],"version-history":[{"count":4,"href":"https:\/\/ahmet.ovh\/index.php?rest_route=\/wp\/v2\/pages\/111\/revisions"}],"predecessor-version":[{"id":197,"href":"https:\/\/ahmet.ovh\/index.php?rest_route=\/wp\/v2\/pages\/111\/revisions\/197"}],"wp:attachment":[{"href":"https:\/\/ahmet.ovh\/index.php?rest_route=%2Fwp%2Fv2%2Fmedia&parent=111"}],"curies":[{"name":"wp","href":"https:\/\/api.w.org\/{rel}","templated":true}]}}